{"id":825,"date":"2021-01-17T18:55:32","date_gmt":"2021-01-17T18:55:32","guid":{"rendered":"http:\/\/myescaperoomlab.com\/?page_id=825"},"modified":"2021-01-17T18:55:32","modified_gmt":"2021-01-17T18:55:32","slug":"terminos-y-condiciones","status":"publish","type":"page","link":"https:\/\/myescaperoomlab.com\/?page_id=825","title":{"rendered":"T\u00e9rminos y condiciones"},"content":{"rendered":"\n<p><strong>T\u00e9rminos y condiciones<\/strong><\/p>\n\n\n\n<p>Le informamos que los datos que nos facilita no ser\u00e1n cedidos bajo ning\u00fan concepto sin su expresa autorizaci\u00f3n, y ser\u00e1n tratados dentro de la normativa vigente en materia de protecci\u00f3n de datos,&nbsp;<strong>Ley Org\u00e1nica 15\/1999<\/strong>, del 13 de diciembre de&nbsp;<strong>Protecci\u00f3n de Datos de car\u00e1cter personal<\/strong>&nbsp;(LOPD). Sus datos pasar\u00e1n a formar parte de una base de datos y ser\u00e1n incluidos en un fichero inform\u00e1tico denominado clientes. La funci\u00f3n de recabar estos datos es poder hacer la reserva para nuestras salas. Al firmar este formulario est\u00e1n aceptando expresamente la recepci\u00f3n de los mismos, por cualquier medio de comunicaci\u00f3n. La consecuencia de no cumplimentar debidamente este formulario ser\u00eda que no tendr\u00edamos la posibilidad de cumplimentar el formulario de reserva. El responsable de dicho fichero es&nbsp;<strong>My Escape room Lab SL<\/strong>&nbsp;con&nbsp;<strong>CIF B88416235<\/strong>, con domicilio a efectos de notificaciones en la C\/Puerto de Pozazal 4 nave 23, 28031 Madrid, y est\u00e1 debidamente inscrito en la Agencia Espa\u00f1ola de Protecci\u00f3n de Datos (APD), con las medidas de seguridad pertinentes. Le informamos que sus datos no ser\u00e1n cedidos a ninguna otra compa\u00f1\u00eda. Usted tiene derecho a recibir respuesta de cualquier pregunta, consulta o aclaraci\u00f3n que le surja derivada de este formulario. Usted tiene derecho al acceso, oposici\u00f3n, rectificaci\u00f3n, cancelaci\u00f3n, de sus datos de car\u00e1cter personal, mediante escrito, a la direcci\u00f3n antes indicada o por correo electr\u00f3nico info@bitethefly.com . Todos sus datos ser\u00e1n dados de baja definitivamente de nuestra base de datos por los siguientes motivos: 1\u00ba- a petici\u00f3n suya. 2\u00ba- cuando hayan dejado de ser necesarios para los fines que motivaron su recogida.<\/p>\n","protected":false},"excerpt":{"rendered":"<p>T\u00e9rminos y condiciones Le informamos que los datos que nos facilita no ser\u00e1n cedidos bajo ning\u00fan concepto sin su expresa autorizaci\u00f3n, y ser\u00e1n tratados dentro&hellip;<\/p>\n","protected":false},"author":1,"featured_media":0,"parent":0,"menu_order":0,"comment_status":"closed","ping_status":"closed","template":"","meta":[],"_links":{"self":[{"href":"https:\/\/myescaperoomlab.com\/index.php?rest_route=\/wp\/v2\/pages\/825"}],"collection":[{"href":"https:\/\/myescaperoomlab.com\/index.php?rest_route=\/wp\/v2\/pages"}],"about":[{"href":"https:\/\/myescaperoomlab.com\/index.php?rest_route=\/wp\/v2\/types\/page"}],"author":[{"embeddable":true,"href":"https:\/\/myescaperoomlab.com\/index.php?rest_route=\/wp\/v2\/users\/1"}],"replies":[{"embeddable":true,"href":"https:\/\/myescaperoomlab.com\/index.php?rest_route=%2Fwp%2Fv2%2Fcomments&post=825"}],"version-history":[{"count":1,"href":"https:\/\/myescaperoomlab.com\/index.php?rest_route=\/wp\/v2\/pages\/825\/revisions"}],"predecessor-version":[{"id":826,"href":"https:\/\/myescaperoomlab.com\/index.php?rest_route=\/wp\/v2\/pages\/825\/revisions\/826"}],"wp:attachment":[{"href":"https:\/\/myescaperoomlab.com\/index.php?rest_route=%2Fwp%2Fv2%2Fmedia&parent=825"}],"curies":[{"name":"wp","href":"https:\/\/api.w.org\/{rel}","templated":true}]}}