{"id":822,"date":"2021-01-17T18:37:03","date_gmt":"2021-01-17T18:37:03","guid":{"rendered":"http:\/\/myescaperoomlab.com\/?page_id=822"},"modified":"2021-01-17T18:53:47","modified_gmt":"2021-01-17T18:53:47","slug":"politica-de-privacidad","status":"publish","type":"page","link":"https:\/\/myescaperoomlab.com\/?page_id=822","title":{"rendered":"Pol\u00edtica de privacidad"},"content":{"rendered":"\n<ol><li><strong>RESPONSABLE<\/strong><ol><li>Identidad<br>Empresa: My Escape room lab SL \u2013 CIF: B88416235, Dir. Postal: C\/ Puerto de Pozazal 4 nave 23, 28031. Madrid Tel\u00e9fono:633788380, E-Mail: info@bitethefly.com<\/li><\/ol>Datos de contacto del delegado en protecci\u00f3n de datos:<br>No se dispone de Delegado.<strong>FINALIDADES<br><\/strong>2. Descripci\u00f3n ampliada de la finalidad\/es del tratamiento:<br>Trataremos sus datos para la gesti\u00f3n de la reserva, confirmaci\u00f3n de la misma y recordatorio antes de la misma.<strong>CONSERVACI\u00d3N<br><\/strong>3. Plazos o criterios de conservaci\u00f3n de los datos:Los datos personales proporcionados se conservar\u00e1n mientras se mantenga la relaci\u00f3n con la entidad y no se solicite su supresi\u00f3n por el interesado, ser\u00e1n conservados conforme a los plazos legales establecidos en materia fiscal y contable, tomando como referencia la \u00faltima comunicaci\u00f3n.<strong>DECISIONES<br><\/strong>4. Decisiones automatizadas, perfiles y l\u00f3gica aplicada:<br>La empresa NO tomar\u00e1 decisiones automatizadas, perfiles o l\u00f3gica aplicada a sus datos.<strong>LEGITIMACI\u00d3N<br><\/strong>5. Legitimaci\u00f3n por ejecuci\u00f3n de un contrato:<br>Debido a que el tratamiento es necesario para la ejecuci\u00f3n de un contrato mercantil, en el que usted es parte , se hace constar que el tipo de contrato de que se trata, es el citado contrato mercantil o la relaci\u00f3n precontractual.<br>Como la comunicaci\u00f3n de datos personales es un requisito legal o contractual y un requisito necesario para suscribir el citado contrato, se informa al interesado que est\u00e1 obligado a facilitar los datos personales, y as\u00ed mismo que&nbsp; las consecuencias de no hacerlo pueden suponer la no prestaci\u00f3n del servicio solicitado.<strong>DESTINATARIOS<br><\/strong>6. Durante el periodo de duraci\u00f3n del tratamiento, My Escape room lab sl no realizar\u00e1 ninguna cesi\u00f3n, salvo obligaci\u00f3n legal, ni tampoco transferencia alguna.<strong>DERECHOS<\/strong><ol start=\"7\"><li>El interesado puede ejercer los siguientes derechos:<\/li><\/ol><ul><li>&nbsp; &nbsp;Derecho a solicitar el acceso a sus datos personales.<\/li><li>&nbsp; &nbsp;Derecho a solicitar su rectificaci\u00f3n o supresi\u00f3n.<\/li><li>&nbsp; &nbsp;Derecho a solicitar la limitaci\u00f3n de su tratamiento.<\/li><li>&nbsp; &nbsp;Derecho a oponerse al tratamiento.<\/li><li>&nbsp; &nbsp;Derecho a la portabilidad de los datos.<\/li><li>&nbsp; &nbsp;Derecho a retirar el consentimiento prestado.<\/li><\/ul>Cualquier persona tiene derecho a obtener confirmaci\u00f3n sobre si en la Entidad estamos tratando datos personales que les conciernan, o no. Las personas interesadas tienen derecho a acceder a sus datos personales, as\u00ed como a solicitar la rectificaci\u00f3n de los datos inexactos o, en su caso, solicitar su supresi\u00f3n cuando, entre otros motivos, los datos ya no sean necesarios para los fines que fueron recogidos.<br>En determinadas circunstancias, los interesados podr\u00e1n solicitar la limitaci\u00f3n del tratamiento de sus datos, en cuyo caso \u00fanicamente los conservaremos para el ejercicio o la defensa de reclamaciones. En determinadas circunstancias y por motivos relacionados con su situaci\u00f3n particular, los interesados podr\u00e1n oponerse al tratamiento de sus datos. En este caso, la entidad,&nbsp; dejar\u00e1 de tratar los datos, salvo por motivos leg\u00edtimos imperiosos, o el ejercicio o la defensa de posibles reclamaciones.<br>Si ha otorgado su consentimiento para alguna finalidad concreta, tiene derecho a retirar el consentimiento otorgado en cualquier momento, sin que ello afecte a la licitud del tratamiento basado en el consentimiento previo a su retirada.<br>Para ello podr\u00e1 emplear los formularios habilitados por la empresa, o bien dirigir un escrito a Empresa: My Escape room lab SL, Calle Puerto de Pozazal 4 nave 23, 28031 Madrid, con CIF B88416235, tambi\u00e9n puede enviar un email a:&nbsp;<a href=\"mailto:info@kameleonin.com\">info@bitethefly.com<\/a>En caso de que sienta vulnerados sus derechos en lo concerniente a la protecci\u00f3n de sus datos personales, especialmente cuando no haya obtenido satisfacci\u00f3n en el ejercicio de sus derechos, puede presentar una reclamaci\u00f3n ante la Autoridad de Control en materia de Protecci\u00f3n de Datos competente a trav\u00e9s de su sitio web: www.agpd.es.En cumplimiento de lo prevenido en el art\u00edculo 21 de la Ley 34\/2002 de servicios de la sociedad de la informaci\u00f3n y comercio electr\u00f3nico, si usted no desea recibir m\u00e1s informaci\u00f3n sobre nuestros servicios, puede darse de baja en la siguiente direcci\u00f3n de correo electr\u00f3nico de la entidad, indicando en el asunto \u201cNo enviar correos\u201d.<strong>PROCEDENCIA DE LOS DATOS<br><\/strong>Los datos personales que tratamos en My Escape room lab SL proceden directamente de usted:Las categor\u00edas de datos que se tratan son: (No se tratan de datos especialmente protegidos)<ul><li>&nbsp;Datos de identificaci\u00f3n<\/li><li>&nbsp;C\u00f3digos o claves de identificaci\u00f3n<\/li><li>&nbsp;Direcciones postales o electr\u00f3nicas<\/li><li>&nbsp;Informaci\u00f3n comercial<\/li><li>&nbsp;Datos econ\u00f3micos<\/li><\/ul>La categor\u00eda de datos que se tratan son: (Se tratan datos especialmente protegidos).<ul><li>El origen \u00e9tnico o racial<\/li><li>Las opiniones pol\u00edticas<\/li><li>Las convicciones religiosas o filos\u00f3ficas<\/li><li>La afiliaci\u00f3n sindical<\/li><li>Datos gen\u00e9ticos<\/li><li>Datos biom\u00e9tricos dirigidos a identificar de manera un\u00edvoca a una persona f\u00edsica<\/li><li>Datos relativos a la salud<\/li><li>Datos relativos a la vida sexual o la orientaci\u00f3n sexual de una persona f\u00edsica<\/li><\/ul><\/li><\/ol>\n","protected":false},"excerpt":{"rendered":"<p>RESPONSABLE IdentidadEmpresa: My Escape room lab SL \u2013 CIF: B88416235, Dir. Postal: C\/ Puerto de Pozazal 4 nave 23, 28031. Madrid Tel\u00e9fono:633788380, E-Mail: info@bitethefly.com Datos&hellip;<\/p>\n","protected":false},"author":1,"featured_media":0,"parent":0,"menu_order":0,"comment_status":"closed","ping_status":"closed","template":"","meta":[],"_links":{"self":[{"href":"https:\/\/myescaperoomlab.com\/index.php?rest_route=\/wp\/v2\/pages\/822"}],"collection":[{"href":"https:\/\/myescaperoomlab.com\/index.php?rest_route=\/wp\/v2\/pages"}],"about":[{"href":"https:\/\/myescaperoomlab.com\/index.php?rest_route=\/wp\/v2\/types\/page"}],"author":[{"embeddable":true,"href":"https:\/\/myescaperoomlab.com\/index.php?rest_route=\/wp\/v2\/users\/1"}],"replies":[{"embeddable":true,"href":"https:\/\/myescaperoomlab.com\/index.php?rest_route=%2Fwp%2Fv2%2Fcomments&post=822"}],"version-history":[{"count":2,"href":"https:\/\/myescaperoomlab.com\/index.php?rest_route=\/wp\/v2\/pages\/822\/revisions"}],"predecessor-version":[{"id":824,"href":"https:\/\/myescaperoomlab.com\/index.php?rest_route=\/wp\/v2\/pages\/822\/revisions\/824"}],"wp:attachment":[{"href":"https:\/\/myescaperoomlab.com\/index.php?rest_route=%2Fwp%2Fv2%2Fmedia&parent=822"}],"curies":[{"name":"wp","href":"https:\/\/api.w.org\/{rel}","templated":true}]}}